{"id":752,"date":"2023-06-20T12:14:59","date_gmt":"2023-06-20T10:14:59","guid":{"rendered":"https:\/\/determined-cori.79-161-218-19.plesk.page\/?page_id=752"},"modified":"2024-09-06T09:59:16","modified_gmt":"2024-09-06T07:59:16","slug":"forsvaret","status":"publish","type":"page","link":"https:\/\/alveberg.no\/en_gb\/forsvaret\/","title":{"rendered":"Defense"},"content":{"rendered":"<div data-elementor-type=\"wp-page\" data-elementor-id=\"752\" class=\"elementor elementor-752\" data-elementor-post-type=\"page\">\n\t\t\t\t\t\t<section class=\"elementor-section elementor-top-section elementor-element elementor-element-b932300 elementor-section-height-min-height elementor-section-boxed elementor-section-height-default elementor-section-items-middle\" data-id=\"b932300\" data-element_type=\"section\" data-e-type=\"section\" data-settings=\"{&quot;background_background&quot;:&quot;classic&quot;}\">\n\t\t\t\t\t\t\t<div class=\"elementor-background-overlay\"><\/div>\n\t\t\t\t\t\t\t<div class=\"elementor-container elementor-column-gap-default\">\n\t\t\t\t\t<div class=\"elementor-column elementor-col-100 elementor-top-column elementor-element elementor-element-824699c\" data-id=\"824699c\" data-element_type=\"column\" data-e-type=\"column\">\n\t\t\t<div class=\"elementor-widget-wrap elementor-element-populated\">\n\t\t\t\t\t\t<div class=\"elementor-element elementor-element-867b61e elementor-widget elementor-widget-heading\" data-id=\"867b61e\" data-element_type=\"widget\" data-e-type=\"widget\" data-widget_type=\"heading.default\">\n\t\t\t\t<div class=\"elementor-widget-container\">\n\t\t\t\t\t<h4 class=\"elementor-heading-title elementor-size-default\">JAK J ALVEBERG AS<\/h4>\t\t\t\t<\/div>\n\t\t\t\t<\/div>\n\t\t\t\t\t<\/div>\n\t\t<\/div>\n\t\t\t\t\t<\/div>\n\t\t<\/section>\n\t\t\t\t<section class=\"elementor-section elementor-top-section elementor-element elementor-element-f54bf95 elementor-section-full_width elementor-section-height-default elementor-section-height-default\" data-id=\"f54bf95\" data-element_type=\"section\" data-e-type=\"section\" data-settings=\"{&quot;shape_divider_top&quot;:&quot;arrow&quot;}\">\n\t\t\t\t\t<div class=\"elementor-shape elementor-shape-top\" aria-hidden=\"true\" data-negative=\"false\">\n\t\t\t<svg xmlns=\"http:\/\/www.w3.org\/2000\/svg\" viewbox=\"0 0 700 10\" preserveaspectratio=\"none\">\n\t<path class=\"elementor-shape-fill\" d=\"M350,10L340,0h20L350,10z\"\/>\n<\/svg>\t\t<\/div>\n\t\t\t\t\t<div class=\"elementor-container elementor-column-gap-default\">\n\t\t\t\t\t<div class=\"elementor-column elementor-col-50 elementor-top-column elementor-element elementor-element-00cbcbb\" data-id=\"00cbcbb\" data-element_type=\"column\" data-e-type=\"column\" data-settings=\"{&quot;background_background&quot;:&quot;classic&quot;}\">\n\t\t\t<div class=\"elementor-widget-wrap elementor-element-populated\">\n\t\t\t\t\t<div class=\"elementor-background-overlay\"><\/div>\n\t\t\t\t\t\t<div class=\"elementor-element elementor-element-a790ae5 elementor-widget elementor-widget-heading\" data-id=\"a790ae5\" data-element_type=\"widget\" data-e-type=\"widget\" data-widget_type=\"heading.default\">\n\t\t\t\t<div class=\"elementor-widget-container\">\n\t\t\t\t\t<h2 class=\"elementor-heading-title elementor-size-default\">Defense<\/h2>\t\t\t\t<\/div>\n\t\t\t\t<\/div>\n\t\t\t\t<div class=\"elementor-element elementor-element-f1746e9 elementor-widget elementor-widget-text-editor\" data-id=\"f1746e9\" data-element_type=\"widget\" data-e-type=\"widget\" data-widget_type=\"text-editor.default\">\n\t\t\t\t<div class=\"elementor-widget-container\">\n\t\t\t\t\t\t\t\t\t<p>Jak J Alveberg AS is a recognized supplier that offers a wide range of products and consumables. These products are designed to meet the requirements and standards set by military organizations.<\/p><p>Jak J Alveberg AS can deliver products that comply with various specifications and standards, including:<\/p><ul><li>BS British Standard<\/li><li>Stan<\/li><li>Stanag 4360 Bundeswehr<\/li><li>Mil spec<\/li><li>KVS 200 \u2013 Kongsberg Defence and Aerospace.<\/li><\/ul><p>\u00a0<\/p><p>Get in touch and we will help you find what you are looking for!<\/p>\t\t\t\t\t\t\t\t<\/div>\n\t\t\t\t<\/div>\n\t\t\t\t\t<\/div>\n\t\t<\/div>\n\t\t\t\t<div class=\"elementor-column elementor-col-50 elementor-top-column elementor-element elementor-element-13cd6ff\" data-id=\"13cd6ff\" data-element_type=\"column\" data-e-type=\"column\" data-settings=\"{&quot;background_background&quot;:&quot;classic&quot;}\">\n\t\t\t<div class=\"elementor-widget-wrap elementor-element-populated\">\n\t\t\t\t\t\t<section class=\"elementor-section elementor-inner-section elementor-element elementor-element-4087ccb elementor-section-boxed elementor-section-height-default elementor-section-height-default\" data-id=\"4087ccb\" data-element_type=\"section\" data-e-type=\"section\">\n\t\t\t\t\t\t<div class=\"elementor-container elementor-column-gap-default\">\n\t\t\t\t\t<div class=\"elementor-column elementor-col-100 elementor-inner-column elementor-element elementor-element-e801df7\" data-id=\"e801df7\" data-element_type=\"column\" data-e-type=\"column\" data-settings=\"{&quot;background_background&quot;:&quot;gradient&quot;}\">\n\t\t\t<div class=\"elementor-widget-wrap elementor-element-populated\">\n\t\t\t\t\t\t<div class=\"elementor-element elementor-element-d761c90 elementor-widget elementor-widget-text-editor\" data-id=\"d761c90\" data-element_type=\"widget\" data-e-type=\"widget\" data-widget_type=\"text-editor.default\">\n\t\t\t\t<div class=\"elementor-widget-container\">\n\t\t\t\t\t\t\t\t\t<p>Jak J Alveberg AS holds the Cage code N0531. Cage codes are unique identification codes used in military and government contracts to identify and track suppliers. Having a Cage code indicates that Jak J Alveberg AS has established itself as an authorized supplier to military units.<\/p><p>Overall, Jak J Alveberg AS is a reliable and reputable supplier of consumables that are specially adapted for military purposes.<\/p>\t\t\t\t\t\t\t\t<\/div>\n\t\t\t\t<\/div>\n\t\t\t\t\t<\/div>\n\t\t<\/div>\n\t\t\t\t\t<\/div>\n\t\t<\/section>\n\t\t\t\t\t<\/div>\n\t\t<\/div>\n\t\t\t\t\t<\/div>\n\t\t<\/section>\n\t\t\t\t<section class=\"elementor-section elementor-top-section elementor-element elementor-element-953c159 elementor-section-full_width elementor-section-height-default elementor-section-height-default\" data-id=\"953c159\" data-element_type=\"section\" data-e-type=\"section\" data-settings=\"{&quot;background_background&quot;:&quot;classic&quot;}\">\n\t\t\t\t\t\t<div class=\"elementor-container elementor-column-gap-default\">\n\t\t\t\t\t<div class=\"elementor-column elementor-col-100 elementor-top-column elementor-element elementor-element-50eeffa\" data-id=\"50eeffa\" data-element_type=\"column\" data-e-type=\"column\" data-settings=\"{&quot;background_background&quot;:&quot;classic&quot;}\">\n\t\t\t<div class=\"elementor-widget-wrap elementor-element-populated\">\n\t\t\t\t\t\t<section class=\"elementor-section elementor-inner-section elementor-element elementor-element-ae95f2c elementor-reverse-tablet elementor-reverse-mobile elementor-section-full_width elementor-section-height-default elementor-section-height-default\" data-id=\"ae95f2c\" data-element_type=\"section\" data-e-type=\"section\">\n\t\t\t\t\t\t<div class=\"elementor-container elementor-column-gap-default\">\n\t\t\t\t\t<div class=\"elementor-column elementor-col-50 elementor-inner-column elementor-element elementor-element-00cc31f\" data-id=\"00cc31f\" data-element_type=\"column\" data-e-type=\"column\" data-settings=\"{&quot;background_background&quot;:&quot;classic&quot;}\">\n\t\t\t<div class=\"elementor-widget-wrap elementor-element-populated\">\n\t\t\t\t\t\t<div class=\"elementor-element elementor-element-d796f8f elementor-widget-divider--view-line elementor-widget elementor-widget-divider\" data-id=\"d796f8f\" data-element_type=\"widget\" data-e-type=\"widget\" data-widget_type=\"divider.default\">\n\t\t\t\t<div class=\"elementor-widget-container\">\n\t\t\t\t\t\t\t<div class=\"elementor-divider\">\n\t\t\t<span class=\"elementor-divider-separator\">\n\t\t\t\t\t\t<\/span>\n\t\t<\/div>\n\t\t\t\t\t\t<\/div>\n\t\t\t\t<\/div>\n\t\t\t\t\t<\/div>\n\t\t<\/div>\n\t\t\t\t<div class=\"elementor-column elementor-col-50 elementor-inner-column elementor-element elementor-element-68b6b77\" data-id=\"68b6b77\" data-element_type=\"column\" data-e-type=\"column\" data-settings=\"{&quot;background_background&quot;:&quot;classic&quot;}\">\n\t\t\t<div class=\"elementor-widget-wrap elementor-element-populated\">\n\t\t\t\t\t\t<div class=\"elementor-element elementor-element-7d0cf96 elementor-widget elementor-widget-heading\" data-id=\"7d0cf96\" data-element_type=\"widget\" data-e-type=\"widget\" data-widget_type=\"heading.default\">\n\t\t\t\t<div class=\"elementor-widget-container\">\n\t\t\t\t\t<h3 class=\"elementor-heading-title elementor-size-default\">Sealants<\/h3>\t\t\t\t<\/div>\n\t\t\t\t<\/div>\n\t\t\t\t<div class=\"elementor-element elementor-element-73724ec elementor-widget elementor-widget-text-editor\" data-id=\"73724ec\" data-element_type=\"widget\" data-e-type=\"widget\" data-widget_type=\"text-editor.default\">\n\t\t\t\t<div class=\"elementor-widget-container\">\n\t\t\t\t\t\t\t\t\t<p id=\"tw-target-text\" class=\"tw-data-text tw-text-large tw-ta\" dir=\"ltr\" data-placeholder=\"Oversettelse\"><span class=\"Y2IQFc\" lang=\"no\">Download our overview of sealants: PRC and Pro Seal Aerospace <\/span><a href=\"http:\/\/docs.google.com\/viewer?a=v&amp;pid=sites&amp;srcid=YWx2ZWJlcmcub3JnfHd3d3xneDo0OWFhNjMzZGM5YWUxNmE3\" target=\"_blank\" rel=\"noopener\">PRC and Pro Seal Aerospace<\/a><\/p><p><span class=\"Y2IQFc\" lang=\"no\">Please find our product list<\/span>\u00a0<a href=\"http:\/\/www.ppg.com\/coatings\/aerospace\/sealants\/sealantsproducts\/Pages\/TotalProductList.aspx\" target=\"_blank\" rel=\"noopener\">here\u00a0<\/a><\/p>\t\t\t\t\t\t\t\t<\/div>\n\t\t\t\t<\/div>\n\t\t\t\t\t<\/div>\n\t\t<\/div>\n\t\t\t\t\t<\/div>\n\t\t<\/section>\n\t\t\t\t\t<\/div>\n\t\t<\/div>\n\t\t\t\t\t<\/div>\n\t\t<\/section>\n\t\t\t\t<section class=\"elementor-section elementor-top-section elementor-element elementor-element-9fad010 elementor-section-full_width elementor-section-height-default elementor-section-height-default\" data-id=\"9fad010\" data-element_type=\"section\" data-e-type=\"section\" data-settings=\"{&quot;background_background&quot;:&quot;classic&quot;}\">\n\t\t\t\t\t\t<div class=\"elementor-container elementor-column-gap-default\">\n\t\t\t\t\t<div class=\"elementor-column elementor-col-100 elementor-top-column elementor-element elementor-element-bdccb5f\" data-id=\"bdccb5f\" data-element_type=\"column\" data-e-type=\"column\" data-settings=\"{&quot;background_background&quot;:&quot;classic&quot;}\">\n\t\t\t<div class=\"elementor-widget-wrap elementor-element-populated\">\n\t\t\t\t\t\t<section class=\"elementor-section elementor-inner-section elementor-element elementor-element-6da7529 elementor-section-full_width elementor-reverse-tablet elementor-reverse-mobile elementor-section-height-default elementor-section-height-default\" data-id=\"6da7529\" data-element_type=\"section\" data-e-type=\"section\">\n\t\t\t\t\t\t<div class=\"elementor-container elementor-column-gap-default\">\n\t\t\t\t\t<div class=\"elementor-column elementor-col-50 elementor-inner-column elementor-element elementor-element-a4fccce\" data-id=\"a4fccce\" data-element_type=\"column\" data-e-type=\"column\" data-settings=\"{&quot;background_background&quot;:&quot;classic&quot;}\">\n\t\t\t<div class=\"elementor-widget-wrap elementor-element-populated\">\n\t\t\t\t\t\t<div class=\"elementor-element elementor-element-5b72eb2 elementor-widget-divider--view-line elementor-widget elementor-widget-divider\" data-id=\"5b72eb2\" data-element_type=\"widget\" data-e-type=\"widget\" data-widget_type=\"divider.default\">\n\t\t\t\t<div class=\"elementor-widget-container\">\n\t\t\t\t\t\t\t<div class=\"elementor-divider\">\n\t\t\t<span class=\"elementor-divider-separator\">\n\t\t\t\t\t\t<\/span>\n\t\t<\/div>\n\t\t\t\t\t\t<\/div>\n\t\t\t\t<\/div>\n\t\t\t\t\t<\/div>\n\t\t<\/div>\n\t\t\t\t<div class=\"elementor-column elementor-col-50 elementor-inner-column elementor-element elementor-element-eb61d02\" data-id=\"eb61d02\" data-element_type=\"column\" data-e-type=\"column\" data-settings=\"{&quot;background_background&quot;:&quot;classic&quot;}\">\n\t\t\t<div class=\"elementor-widget-wrap elementor-element-populated\">\n\t\t\t\t\t\t<div class=\"elementor-element elementor-element-19693b7 elementor-widget elementor-widget-heading\" data-id=\"19693b7\" data-element_type=\"widget\" data-e-type=\"widget\" data-widget_type=\"heading.default\">\n\t\t\t\t<div class=\"elementor-widget-container\">\n\t\t\t\t\t<h3 class=\"elementor-heading-title elementor-size-default\">Miscellaneous defense products<\/h3>\t\t\t\t<\/div>\n\t\t\t\t<\/div>\n\t\t\t\t<div class=\"elementor-element elementor-element-0bc493c elementor-widget elementor-widget-text-editor\" data-id=\"0bc493c\" data-element_type=\"widget\" data-e-type=\"widget\" data-widget_type=\"text-editor.default\">\n\t\t\t\t<div class=\"elementor-widget-container\">\n\t\t\t\t\t\t\t\t\t<p>Over the years, we have established a global supplier network of chemicals for the aerospace and defense industries.<\/p><p><strong>Main product groups are:<\/strong><\/p><ul><li>Degreasers<\/li><li>Lubricants<\/li><li>Oils<\/li><li>Polishing agents<\/li><li>Cleaning agents<\/li><li>Paint removers<\/li><li>Miscellaneous chemicals<\/li><\/ul><p>\u00a0<\/p><p>We are in a position to supply a wide range of products with American, British, German, NATO and other military specifications.<\/p><p>Get in touch and we will help you find what you are looking for!<\/p>\t\t\t\t\t\t\t\t<\/div>\n\t\t\t\t<\/div>\n\t\t\t\t\t<\/div>\n\t\t<\/div>\n\t\t\t\t\t<\/div>\n\t\t<\/section>\n\t\t\t\t\t<\/div>\n\t\t<\/div>\n\t\t\t\t\t<\/div>\n\t\t<\/section>\n\t\t\t\t<section class=\"elementor-section elementor-top-section elementor-element elementor-element-be3352a elementor-section-boxed elementor-section-height-default elementor-section-height-default\" data-id=\"be3352a\" data-element_type=\"section\" data-e-type=\"section\" data-settings=\"{&quot;background_background&quot;:&quot;gradient&quot;}\">\n\t\t\t\t\t\t<div class=\"elementor-container elementor-column-gap-default\">\n\t\t\t\t\t<div class=\"elementor-column elementor-col-100 elementor-top-column elementor-element elementor-element-22fac4c\" data-id=\"22fac4c\" data-element_type=\"column\" data-e-type=\"column\">\n\t\t\t<div class=\"elementor-widget-wrap elementor-element-populated\">\n\t\t\t\t\t\t<div class=\"elementor-element elementor-element-8982342 elementor-widget elementor-widget-global elementor-global-359 elementor-widget-heading\" data-id=\"8982342\" data-element_type=\"widget\" data-e-type=\"widget\" data-widget_type=\"heading.default\">\n\t\t\t\t<div class=\"elementor-widget-container\">\n\t\t\t\t\t<h4 class=\"elementor-heading-title elementor-size-default\">Do you need our services?<\/h4>\t\t\t\t<\/div>\n\t\t\t\t<\/div>\n\t\t\t\t<div class=\"elementor-element elementor-element-31a63b3 elementor-widget elementor-widget-global elementor-global-362 elementor-widget-heading\" data-id=\"31a63b3\" data-element_type=\"widget\" data-e-type=\"widget\" data-widget_type=\"heading.default\">\n\t\t\t\t<div class=\"elementor-widget-container\">\n\t\t\t\t\t<h2 class=\"elementor-heading-title elementor-size-default\">We can help you with products for<\/h2>\t\t\t\t<\/div>\n\t\t\t\t<\/div>\n\t\t\t\t<div class=\"elementor-element elementor-element-94d3265 elementor-icon-list--layout-inline elementor-align-center elementor-tablet-align-center elementor-list-item-link-full_width elementor-widget elementor-widget-global elementor-global-421 elementor-widget-icon-list\" data-id=\"94d3265\" data-element_type=\"widget\" data-e-type=\"widget\" data-widget_type=\"icon-list.default\">\n\t\t\t\t<div class=\"elementor-widget-container\">\n\t\t\t\t\t\t\t<ul class=\"elementor-icon-list-items elementor-inline-items\">\n\t\t\t\t\t\t\t<li class=\"elementor-icon-list-item elementor-inline-item\">\n\t\t\t\t\t\t\t\t\t\t\t<span class=\"elementor-icon-list-icon\">\n\t\t\t\t\t\t\t<i aria-hidden=\"true\" class=\"fas fa-check-circle\"><\/i>\t\t\t\t\t\t<\/span>\n\t\t\t\t\t\t\t\t\t\t<span class=\"elementor-icon-list-text\">Aviation<\/span>\n\t\t\t\t\t\t\t\t\t<\/li>\n\t\t\t\t\t\t\t\t<li class=\"elementor-icon-list-item elementor-inline-item\">\n\t\t\t\t\t\t\t\t\t\t\t<span class=\"elementor-icon-list-icon\">\n\t\t\t\t\t\t\t<i aria-hidden=\"true\" class=\"fas fa-check-circle\"><\/i>\t\t\t\t\t\t<\/span>\n\t\t\t\t\t\t\t\t\t\t<span class=\"elementor-icon-list-text\">Defense<\/span>\n\t\t\t\t\t\t\t\t\t<\/li>\n\t\t\t\t\t\t\t\t<li class=\"elementor-icon-list-item elementor-inline-item\">\n\t\t\t\t\t\t\t\t\t\t\t<span class=\"elementor-icon-list-icon\">\n\t\t\t\t\t\t\t<i aria-hidden=\"true\" class=\"fas fa-check-circle\"><\/i>\t\t\t\t\t\t<\/span>\n\t\t\t\t\t\t\t\t\t\t<span class=\"elementor-icon-list-text\">Anti-corrosion<\/span>\n\t\t\t\t\t\t\t\t\t<\/li>\n\t\t\t\t\t\t\t\t<li class=\"elementor-icon-list-item elementor-inline-item\">\n\t\t\t\t\t\t\t\t\t\t\t<span class=\"elementor-icon-list-icon\">\n\t\t\t\t\t\t\t<i aria-hidden=\"true\" class=\"fas fa-check-circle\"><\/i>\t\t\t\t\t\t<\/span>\n\t\t\t\t\t\t\t\t\t\t<span class=\"elementor-icon-list-text\">Fire protection<\/span>\n\t\t\t\t\t\t\t\t\t<\/li>\n\t\t\t\t\t\t<\/ul>\n\t\t\t\t\t\t<\/div>\n\t\t\t\t<\/div>\n\t\t\t\t\t<\/div>\n\t\t<\/div>\n\t\t\t\t\t<\/div>\n\t\t<\/section>\n\t\t\t\t<section class=\"elementor-section elementor-top-section elementor-element elementor-element-2aa186a elementor-section-full_width elementor-section-height-default elementor-section-height-default\" data-id=\"2aa186a\" data-element_type=\"section\" data-e-type=\"section\">\n\t\t\t\t\t\t<div class=\"elementor-container elementor-column-gap-default\">\n\t\t\t\t\t<div class=\"elementor-column elementor-col-100 elementor-top-column elementor-element elementor-element-1ddac1f\" data-id=\"1ddac1f\" data-element_type=\"column\" data-e-type=\"column\">\n\t\t\t<div class=\"elementor-widget-wrap elementor-element-populated\">\n\t\t\t\t\t\t<div class=\"elementor-element elementor-element-d584d9c elementor-align-justify elementor-widget elementor-widget-global elementor-global-450 elementor-widget-button\" data-id=\"d584d9c\" data-element_type=\"widget\" data-e-type=\"widget\" data-widget_type=\"button.default\">\n\t\t\t\t<div class=\"elementor-widget-container\">\n\t\t\t\t\t\t\t\t\t<div class=\"elementor-button-wrapper\">\n\t\t\t\t\t<a class=\"elementor-button elementor-button-link elementor-size-sm\" href=\"\/en_gb\/kontakt-oss\/\">\n\t\t\t\t\t\t<span class=\"elementor-button-content-wrapper\">\n\t\t\t\t\t\t\t\t\t<span class=\"elementor-button-text\">Contact us today!<\/span>\n\t\t\t\t\t<\/span>\n\t\t\t\t\t<\/a>\n\t\t\t\t<\/div>\n\t\t\t\t\t\t\t\t<\/div>\n\t\t\t\t<\/div>\n\t\t\t\t\t<\/div>\n\t\t<\/div>\n\t\t\t\t\t<\/div>\n\t\t<\/section>\n\t\t\t\t<\/div>","protected":false},"excerpt":{"rendered":"<p>JAK J ALVEBERG AS Forsvaret Jak J Alveberg AS er en anerkjent leverand\u00f8r som tilbyr et bredt utvalg av produkter og forbruksmateriell. Disse produktene er utformet for \u00e5 m\u00f8te kravene og standarder som er fastsatte av milit\u00e6re organisasjoner. Jak J Alveberg AS kan levere produkter som er i samsvar med forskjellig spesifikasjoner og standarder som [&hellip;]<\/p>\n","protected":false},"author":1,"featured_media":0,"parent":0,"menu_order":0,"comment_status":"closed","ping_status":"closed","template":"","meta":{"footnotes":""},"class_list":["post-752","page","type-page","status-publish","hentry"],"yoast_head":"<!-- This site is optimized with the Yoast SEO plugin v27.5 - https:\/\/yoast.com\/product\/yoast-seo-wordpress\/ -->\n<title>Forsvaret - Jak J Alveberg AS<\/title>\n<meta name=\"robots\" content=\"index, follow, max-snippet:-1, max-image-preview:large, max-video-preview:-1\" \/>\n<link rel=\"canonical\" href=\"https:\/\/alveberg.no\/en_gb\/forsvaret\/\" \/>\n<meta property=\"og:locale\" content=\"en_GB\" \/>\n<meta property=\"og:type\" content=\"article\" \/>\n<meta property=\"og:title\" content=\"Forsvaret - Jak J Alveberg AS\" \/>\n<meta property=\"og:description\" content=\"JAK J ALVEBERG AS Forsvaret Jak J Alveberg AS er en anerkjent leverand\u00f8r som tilbyr et bredt utvalg av produkter og forbruksmateriell. Disse produktene er utformet for \u00e5 m\u00f8te kravene og standarder som er fastsatte av milit\u00e6re organisasjoner. Jak J Alveberg AS kan levere produkter som er i samsvar med forskjellig spesifikasjoner og standarder som [&hellip;]\" \/>\n<meta property=\"og:url\" content=\"https:\/\/alveberg.no\/en_gb\/forsvaret\/\" \/>\n<meta property=\"og:site_name\" content=\"Jak J Alveberg AS\" \/>\n<meta property=\"article:modified_time\" content=\"2024-09-06T07:59:16+00:00\" \/>\n<meta property=\"og:image\" content=\"https:\/\/alveberg.no\/wp-content\/uploads\/2023\/06\/Jak-e1715331216226.png\" \/>\n\t<meta property=\"og:image:width\" content=\"178\" \/>\n\t<meta property=\"og:image:height\" content=\"68\" \/>\n\t<meta property=\"og:image:type\" content=\"image\/png\" \/>\n<meta name=\"twitter:card\" content=\"summary_large_image\" \/>\n<meta name=\"twitter:label1\" content=\"Estimated reading time\" \/>\n\t<meta name=\"twitter:data1\" content=\"2 minutes\" \/>\n<script type=\"application\/ld+json\" class=\"yoast-schema-graph\">{\"@context\":\"https:\\\/\\\/schema.org\",\"@graph\":[{\"@type\":\"WebPage\",\"@id\":\"https:\\\/\\\/alveberg.no\\\/forsvaret\\\/\",\"url\":\"https:\\\/\\\/alveberg.no\\\/forsvaret\\\/\",\"name\":\"Forsvaret - Jak J Alveberg AS\",\"isPartOf\":{\"@id\":\"https:\\\/\\\/alveberg.no\\\/#website\"},\"datePublished\":\"2023-06-20T10:14:59+00:00\",\"dateModified\":\"2024-09-06T07:59:16+00:00\",\"breadcrumb\":{\"@id\":\"https:\\\/\\\/alveberg.no\\\/forsvaret\\\/#breadcrumb\"},\"inLanguage\":\"en-GB\",\"potentialAction\":[{\"@type\":\"ReadAction\",\"target\":[\"https:\\\/\\\/alveberg.no\\\/forsvaret\\\/\"]}]},{\"@type\":\"BreadcrumbList\",\"@id\":\"https:\\\/\\\/alveberg.no\\\/forsvaret\\\/#breadcrumb\",\"itemListElement\":[{\"@type\":\"ListItem\",\"position\":1,\"name\":\"Hjem\",\"item\":\"https:\\\/\\\/alveberg.no\\\/\"},{\"@type\":\"ListItem\",\"position\":2,\"name\":\"Forsvaret\"}]},{\"@type\":\"WebSite\",\"@id\":\"https:\\\/\\\/alveberg.no\\\/#website\",\"url\":\"https:\\\/\\\/alveberg.no\\\/\",\"name\":\"Jak J Alveberg AS\",\"description\":\"Leverand\u00f8r av h\u00f8ykvalitets malingssystemer!\",\"publisher\":{\"@id\":\"https:\\\/\\\/alveberg.no\\\/#organization\"},\"potentialAction\":[{\"@type\":\"SearchAction\",\"target\":{\"@type\":\"EntryPoint\",\"urlTemplate\":\"https:\\\/\\\/alveberg.no\\\/?s={search_term_string}\"},\"query-input\":{\"@type\":\"PropertyValueSpecification\",\"valueRequired\":true,\"valueName\":\"search_term_string\"}}],\"inLanguage\":\"en-GB\"},{\"@type\":\"Organization\",\"@id\":\"https:\\\/\\\/alveberg.no\\\/#organization\",\"name\":\"Jak J Alveberg AS\",\"url\":\"https:\\\/\\\/alveberg.no\\\/\",\"logo\":{\"@type\":\"ImageObject\",\"inLanguage\":\"en-GB\",\"@id\":\"https:\\\/\\\/alveberg.no\\\/#\\\/schema\\\/logo\\\/image\\\/\",\"url\":\"https:\\\/\\\/alveberg.no\\\/wp-content\\\/uploads\\\/2023\\\/06\\\/Jak-e1715331216226.png\",\"contentUrl\":\"https:\\\/\\\/alveberg.no\\\/wp-content\\\/uploads\\\/2023\\\/06\\\/Jak-e1715331216226.png\",\"width\":178,\"height\":68,\"caption\":\"Jak J Alveberg AS\"},\"image\":{\"@id\":\"https:\\\/\\\/alveberg.no\\\/#\\\/schema\\\/logo\\\/image\\\/\"},\"sameAs\":[\"https:\\\/\\\/www.linkedin.com\\\/company\\\/jak-j-alveberg\\\/about\\\/\"]}]}<\/script>\n<!-- \/ Yoast SEO plugin. -->","yoast_head_json":{"title":"Forsvaret - Jak J Alveberg AS","robots":{"index":"index","follow":"follow","max-snippet":"max-snippet:-1","max-image-preview":"max-image-preview:large","max-video-preview":"max-video-preview:-1"},"canonical":"https:\/\/alveberg.no\/en_gb\/forsvaret\/","og_locale":"en_GB","og_type":"article","og_title":"Forsvaret - Jak J Alveberg AS","og_description":"JAK J ALVEBERG AS Forsvaret Jak J Alveberg AS er en anerkjent leverand\u00f8r som tilbyr et bredt utvalg av produkter og forbruksmateriell. Disse produktene er utformet for \u00e5 m\u00f8te kravene og standarder som er fastsatte av milit\u00e6re organisasjoner. Jak J Alveberg AS kan levere produkter som er i samsvar med forskjellig spesifikasjoner og standarder som [&hellip;]","og_url":"https:\/\/alveberg.no\/en_gb\/forsvaret\/","og_site_name":"Jak J Alveberg AS","article_modified_time":"2024-09-06T07:59:16+00:00","og_image":[{"width":178,"height":68,"url":"https:\/\/alveberg.no\/wp-content\/uploads\/2023\/06\/Jak-e1715331216226.png","type":"image\/png"}],"twitter_card":"summary_large_image","twitter_misc":{"Estimated reading time":"2 minutes"},"schema":{"@context":"https:\/\/schema.org","@graph":[{"@type":"WebPage","@id":"https:\/\/alveberg.no\/forsvaret\/","url":"https:\/\/alveberg.no\/forsvaret\/","name":"Forsvaret - Jak J Alveberg AS","isPartOf":{"@id":"https:\/\/alveberg.no\/#website"},"datePublished":"2023-06-20T10:14:59+00:00","dateModified":"2024-09-06T07:59:16+00:00","breadcrumb":{"@id":"https:\/\/alveberg.no\/forsvaret\/#breadcrumb"},"inLanguage":"en-GB","potentialAction":[{"@type":"ReadAction","target":["https:\/\/alveberg.no\/forsvaret\/"]}]},{"@type":"BreadcrumbList","@id":"https:\/\/alveberg.no\/forsvaret\/#breadcrumb","itemListElement":[{"@type":"ListItem","position":1,"name":"Hjem","item":"https:\/\/alveberg.no\/"},{"@type":"ListItem","position":2,"name":"Forsvaret"}]},{"@type":"WebSite","@id":"https:\/\/alveberg.no\/#website","url":"https:\/\/alveberg.no\/","name":"Jak J Alveberg AS","description":"Leverand\u00f8r av h\u00f8ykvalitets malingssystemer!","publisher":{"@id":"https:\/\/alveberg.no\/#organization"},"potentialAction":[{"@type":"SearchAction","target":{"@type":"EntryPoint","urlTemplate":"https:\/\/alveberg.no\/?s={search_term_string}"},"query-input":{"@type":"PropertyValueSpecification","valueRequired":true,"valueName":"search_term_string"}}],"inLanguage":"en-GB"},{"@type":"Organization","@id":"https:\/\/alveberg.no\/#organization","name":"Jak J Alveberg AS","url":"https:\/\/alveberg.no\/","logo":{"@type":"ImageObject","inLanguage":"en-GB","@id":"https:\/\/alveberg.no\/#\/schema\/logo\/image\/","url":"https:\/\/alveberg.no\/wp-content\/uploads\/2023\/06\/Jak-e1715331216226.png","contentUrl":"https:\/\/alveberg.no\/wp-content\/uploads\/2023\/06\/Jak-e1715331216226.png","width":178,"height":68,"caption":"Jak J Alveberg AS"},"image":{"@id":"https:\/\/alveberg.no\/#\/schema\/logo\/image\/"},"sameAs":["https:\/\/www.linkedin.com\/company\/jak-j-alveberg\/about\/"]}]}},"_links":{"self":[{"href":"https:\/\/alveberg.no\/en_gb\/wp-json\/wp\/v2\/pages\/752","targetHints":{"allow":["GET"]}}],"collection":[{"href":"https:\/\/alveberg.no\/en_gb\/wp-json\/wp\/v2\/pages"}],"about":[{"href":"https:\/\/alveberg.no\/en_gb\/wp-json\/wp\/v2\/types\/page"}],"author":[{"embeddable":true,"href":"https:\/\/alveberg.no\/en_gb\/wp-json\/wp\/v2\/users\/1"}],"replies":[{"embeddable":true,"href":"https:\/\/alveberg.no\/en_gb\/wp-json\/wp\/v2\/comments?post=752"}],"version-history":[{"count":232,"href":"https:\/\/alveberg.no\/en_gb\/wp-json\/wp\/v2\/pages\/752\/revisions"}],"predecessor-version":[{"id":3167,"href":"https:\/\/alveberg.no\/en_gb\/wp-json\/wp\/v2\/pages\/752\/revisions\/3167"}],"wp:attachment":[{"href":"https:\/\/alveberg.no\/en_gb\/wp-json\/wp\/v2\/media?parent=752"}],"curies":[{"name":"wp","href":"https:\/\/api.w.org\/{rel}","templated":true}]}}