{"id":2722,"date":"2024-08-15T13:14:22","date_gmt":"2024-08-15T11:14:22","guid":{"rendered":"https:\/\/priceless-jones.217-170-194-11.plesk.page\/?page_id=2722"},"modified":"2024-10-02T08:03:28","modified_gmt":"2024-10-02T06:03:28","slug":"korrosjonsbeskyttelse","status":"publish","type":"page","link":"https:\/\/alveberg.no\/en_gb\/korrosjonsbeskyttelse\/","title":{"rendered":"Corrosion protection"},"content":{"rendered":"<div data-elementor-type=\"wp-page\" data-elementor-id=\"2722\" class=\"elementor elementor-2722\" data-elementor-post-type=\"page\">\n\t\t\t\t\t\t<section class=\"elementor-section elementor-top-section elementor-element elementor-element-b932300 elementor-section-height-min-height elementor-section-boxed elementor-section-height-default elementor-section-items-middle\" data-id=\"b932300\" data-element_type=\"section\" data-e-type=\"section\" data-settings=\"{&quot;background_background&quot;:&quot;classic&quot;}\">\n\t\t\t\t\t\t\t<div class=\"elementor-background-overlay\"><\/div>\n\t\t\t\t\t\t\t<div class=\"elementor-container elementor-column-gap-default\">\n\t\t\t\t\t<div class=\"elementor-column elementor-col-100 elementor-top-column elementor-element elementor-element-824699c\" data-id=\"824699c\" data-element_type=\"column\" data-e-type=\"column\">\n\t\t\t<div class=\"elementor-widget-wrap elementor-element-populated\">\n\t\t\t\t\t\t<div class=\"elementor-element elementor-element-867b61e elementor-widget elementor-widget-heading\" data-id=\"867b61e\" data-element_type=\"widget\" data-e-type=\"widget\" data-widget_type=\"heading.default\">\n\t\t\t\t<div class=\"elementor-widget-container\">\n\t\t\t\t\t<h4 class=\"elementor-heading-title elementor-size-default\">JAK J ALVEBERG AS<\/h4>\t\t\t\t<\/div>\n\t\t\t\t<\/div>\n\t\t\t\t<div class=\"elementor-element elementor-element-f4931c6 elementor-widget elementor-widget-heading\" data-id=\"f4931c6\" data-element_type=\"widget\" data-e-type=\"widget\" data-widget_type=\"heading.default\">\n\t\t\t\t<div class=\"elementor-widget-container\">\n\t\t\t\t\t<h1 class=\"elementor-heading-title elementor-size-default\">Marine<\/h1>\t\t\t\t<\/div>\n\t\t\t\t<\/div>\n\t\t\t\t\t<\/div>\n\t\t<\/div>\n\t\t\t\t\t<\/div>\n\t\t<\/section>\n\t\t\t\t<section class=\"elementor-section elementor-top-section elementor-element elementor-element-f54bf95 elementor-section-full_width elementor-section-height-default elementor-section-height-default\" data-id=\"f54bf95\" data-element_type=\"section\" data-e-type=\"section\" data-settings=\"{&quot;shape_divider_top&quot;:&quot;arrow&quot;}\">\n\t\t\t\t\t<div class=\"elementor-shape elementor-shape-top\" aria-hidden=\"true\" data-negative=\"false\">\n\t\t\t<svg xmlns=\"http:\/\/www.w3.org\/2000\/svg\" viewbox=\"0 0 700 10\" preserveaspectratio=\"none\">\n\t<path class=\"elementor-shape-fill\" d=\"M350,10L340,0h20L350,10z\"\/>\n<\/svg>\t\t<\/div>\n\t\t\t\t\t<div class=\"elementor-container elementor-column-gap-default\">\n\t\t\t\t\t<div class=\"elementor-column elementor-col-50 elementor-top-column elementor-element elementor-element-00cbcbb\" data-id=\"00cbcbb\" data-element_type=\"column\" data-e-type=\"column\" data-settings=\"{&quot;background_background&quot;:&quot;classic&quot;}\">\n\t\t\t<div class=\"elementor-widget-wrap elementor-element-populated\">\n\t\t\t\t\t<div class=\"elementor-background-overlay\"><\/div>\n\t\t\t\t\t\t<div class=\"elementor-element elementor-element-a790ae5 elementor-widget elementor-widget-heading\" data-id=\"a790ae5\" data-element_type=\"widget\" data-e-type=\"widget\" data-widget_type=\"heading.default\">\n\t\t\t\t<div class=\"elementor-widget-container\">\n\t\t\t\t\t<h2 class=\"elementor-heading-title elementor-size-default\">Corrosion protection<\/h2>\t\t\t\t<\/div>\n\t\t\t\t<\/div>\n\t\t\t\t<div class=\"elementor-element elementor-element-f1746e9 elementor-widget elementor-widget-text-editor\" data-id=\"f1746e9\" data-element_type=\"widget\" data-e-type=\"widget\" data-widget_type=\"text-editor.default\">\n\t\t\t\t<div class=\"elementor-widget-container\">\n\t\t\t\t\t\t\t\t\t<p>Jak J Alveberg AS has delivered solutions for corrosion protection of metals since its inception in 1917, and this is still one of our most important areas.<\/p><p>Today we supply corrosion protection paints to areas such as:<\/p><ul><li>Ballast tanks on ships<\/li><li>Galvanized high-voltage poles<\/li><li>Steel structures within the hydropower sector<\/li><li>Tanks, sheet pile walls, etc.<\/li><\/ul><p>\u00a0<\/p><p>In short, we offer tailor-made solutions for most substrates and environments. Contact us and we will help you find the best possible solution for your corrosion problem.<\/p>\t\t\t\t\t\t\t\t<\/div>\n\t\t\t\t<\/div>\n\t\t\t\t\t<\/div>\n\t\t<\/div>\n\t\t\t\t<div class=\"elementor-column elementor-col-50 elementor-top-column elementor-element elementor-element-13cd6ff\" data-id=\"13cd6ff\" data-element_type=\"column\" data-e-type=\"column\" data-settings=\"{&quot;background_background&quot;:&quot;classic&quot;}\">\n\t\t\t<div class=\"elementor-widget-wrap elementor-element-populated\">\n\t\t\t\t\t\t<section class=\"elementor-section elementor-inner-section elementor-element elementor-element-4087ccb elementor-section-boxed elementor-section-height-default elementor-section-height-default\" data-id=\"4087ccb\" data-element_type=\"section\" data-e-type=\"section\" data-settings=\"{&quot;background_background&quot;:&quot;classic&quot;}\">\n\t\t\t\t\t\t<div class=\"elementor-container elementor-column-gap-default\">\n\t\t\t\t\t<div class=\"elementor-column elementor-col-100 elementor-inner-column elementor-element elementor-element-e801df7\" data-id=\"e801df7\" data-element_type=\"column\" data-e-type=\"column\" data-settings=\"{&quot;background_background&quot;:&quot;gradient&quot;}\">\n\t\t\t<div class=\"elementor-widget-wrap elementor-element-populated\">\n\t\t\t\t\t\t<div class=\"elementor-element elementor-element-d761c90 elementor-widget elementor-widget-text-editor\" data-id=\"d761c90\" data-element_type=\"widget\" data-e-type=\"widget\" data-widget_type=\"text-editor.default\">\n\t\t\t\t<div class=\"elementor-widget-container\">\n\t\t\t\t\t\t\t\t\t<p>Continuous anti-corrosion maintenance is of such great importance to vessel safety that international authorities are tightening regulations in this field.<\/p><p>At Jak, we tightened our product and internal operational requirements many years ago.<\/p><p>To streamline communication and provide personalized service, a single company representative is assigned to each of our customers.<\/p><p>In addition, we offer cost-effective product solutions that \"get to work\" without having to interrupt the project multiple times while it is in progress.<\/p>\t\t\t\t\t\t\t\t<\/div>\n\t\t\t\t<\/div>\n\t\t\t\t\t<\/div>\n\t\t<\/div>\n\t\t\t\t\t<\/div>\n\t\t<\/section>\n\t\t\t\t\t<\/div>\n\t\t<\/div>\n\t\t\t\t\t<\/div>\n\t\t<\/section>\n\t\t\t\t<section class=\"elementor-section elementor-top-section elementor-element elementor-element-9bba481 elementor-section-full_width elementor-section-height-default elementor-section-height-default\" data-id=\"9bba481\" data-element_type=\"section\" data-e-type=\"section\" data-settings=\"{&quot;background_background&quot;:&quot;classic&quot;}\">\n\t\t\t\t\t\t<div class=\"elementor-container elementor-column-gap-default\">\n\t\t\t\t\t<div class=\"elementor-column elementor-col-100 elementor-top-column elementor-element elementor-element-db0c1f4\" data-id=\"db0c1f4\" data-element_type=\"column\" data-e-type=\"column\" data-settings=\"{&quot;background_background&quot;:&quot;classic&quot;}\">\n\t\t\t<div class=\"elementor-widget-wrap elementor-element-populated\">\n\t\t\t\t\t\t<section class=\"elementor-section elementor-inner-section elementor-element elementor-element-9e7201b elementor-reverse-tablet elementor-reverse-mobile elementor-section-full_width elementor-section-height-default elementor-section-height-default\" data-id=\"9e7201b\" data-element_type=\"section\" data-e-type=\"section\">\n\t\t\t\t\t\t<div class=\"elementor-container elementor-column-gap-default\">\n\t\t\t\t\t<div class=\"elementor-column elementor-col-50 elementor-inner-column elementor-element elementor-element-aa035bd\" data-id=\"aa035bd\" data-element_type=\"column\" data-e-type=\"column\" data-settings=\"{&quot;background_background&quot;:&quot;classic&quot;}\">\n\t\t\t<div class=\"elementor-widget-wrap elementor-element-populated\">\n\t\t\t\t\t\t<div class=\"elementor-element elementor-element-0005e66 elementor-widget-divider--view-line elementor-widget elementor-widget-divider\" data-id=\"0005e66\" data-element_type=\"widget\" data-e-type=\"widget\" data-widget_type=\"divider.default\">\n\t\t\t\t<div class=\"elementor-widget-container\">\n\t\t\t\t\t\t\t<div class=\"elementor-divider\">\n\t\t\t<span class=\"elementor-divider-separator\">\n\t\t\t\t\t\t<\/span>\n\t\t<\/div>\n\t\t\t\t\t\t<\/div>\n\t\t\t\t<\/div>\n\t\t\t\t\t<\/div>\n\t\t<\/div>\n\t\t\t\t<div class=\"elementor-column elementor-col-50 elementor-inner-column elementor-element elementor-element-ef2a788\" data-id=\"ef2a788\" data-element_type=\"column\" data-e-type=\"column\" data-settings=\"{&quot;background_background&quot;:&quot;classic&quot;}\">\n\t\t\t<div class=\"elementor-widget-wrap elementor-element-populated\">\n\t\t\t\t\t\t<div class=\"elementor-element elementor-element-b182155 elementor-widget elementor-widget-heading\" data-id=\"b182155\" data-element_type=\"widget\" data-e-type=\"widget\" data-widget_type=\"heading.default\">\n\t\t\t\t<div class=\"elementor-widget-container\">\n\t\t\t\t\t<h3 class=\"elementor-heading-title elementor-size-default\">Cargo space<\/h3>\t\t\t\t<\/div>\n\t\t\t\t<\/div>\n\t\t\t\t<div class=\"elementor-element elementor-element-78b908d elementor-widget elementor-widget-text-editor\" data-id=\"78b908d\" data-element_type=\"widget\" data-e-type=\"widget\" data-widget_type=\"text-editor.default\">\n\t\t\t\t<div class=\"elementor-widget-container\">\n\t\t\t\t\t\t\t\t\t<p>The range of products we can offer for these areas ranges from affordable rust converters, through grain certified epoxy and glass flake epoxies, to highly abrasion resistant, flexible, heavy duty coatings.<\/p><p>Our solutions range from \u201ccoat after every trip\u201d to solutions that will last for years, even with a lot of mechanical exposure.<\/p>\t\t\t\t\t\t\t\t<\/div>\n\t\t\t\t<\/div>\n\t\t\t\t\t<\/div>\n\t\t<\/div>\n\t\t\t\t\t<\/div>\n\t\t<\/section>\n\t\t\t\t\t<\/div>\n\t\t<\/div>\n\t\t\t\t\t<\/div>\n\t\t<\/section>\n\t\t\t\t<section class=\"elementor-section elementor-top-section elementor-element elementor-element-be3352a elementor-section-boxed elementor-section-height-default elementor-section-height-default\" data-id=\"be3352a\" data-element_type=\"section\" data-e-type=\"section\" data-settings=\"{&quot;background_background&quot;:&quot;gradient&quot;}\">\n\t\t\t\t\t\t<div class=\"elementor-container elementor-column-gap-default\">\n\t\t\t\t\t<div class=\"elementor-column elementor-col-100 elementor-top-column elementor-element elementor-element-22fac4c\" data-id=\"22fac4c\" data-element_type=\"column\" data-e-type=\"column\">\n\t\t\t<div class=\"elementor-widget-wrap elementor-element-populated\">\n\t\t\t\t\t\t<div class=\"elementor-element elementor-element-8982342 elementor-widget elementor-widget-global elementor-global-359 elementor-widget-heading\" data-id=\"8982342\" data-element_type=\"widget\" data-e-type=\"widget\" data-widget_type=\"heading.default\">\n\t\t\t\t<div class=\"elementor-widget-container\">\n\t\t\t\t\t<h4 class=\"elementor-heading-title elementor-size-default\">Do you need our services?<\/h4>\t\t\t\t<\/div>\n\t\t\t\t<\/div>\n\t\t\t\t<div class=\"elementor-element elementor-element-31a63b3 elementor-widget elementor-widget-global elementor-global-362 elementor-widget-heading\" data-id=\"31a63b3\" data-element_type=\"widget\" data-e-type=\"widget\" data-widget_type=\"heading.default\">\n\t\t\t\t<div class=\"elementor-widget-container\">\n\t\t\t\t\t<h2 class=\"elementor-heading-title elementor-size-default\">We can help you with products for<\/h2>\t\t\t\t<\/div>\n\t\t\t\t<\/div>\n\t\t\t\t<div class=\"elementor-element elementor-element-94d3265 elementor-icon-list--layout-inline elementor-align-center elementor-tablet-align-center elementor-list-item-link-full_width elementor-widget elementor-widget-global elementor-global-421 elementor-widget-icon-list\" data-id=\"94d3265\" data-element_type=\"widget\" data-e-type=\"widget\" data-widget_type=\"icon-list.default\">\n\t\t\t\t<div class=\"elementor-widget-container\">\n\t\t\t\t\t\t\t<ul class=\"elementor-icon-list-items elementor-inline-items\">\n\t\t\t\t\t\t\t<li class=\"elementor-icon-list-item elementor-inline-item\">\n\t\t\t\t\t\t\t\t\t\t\t<span class=\"elementor-icon-list-icon\">\n\t\t\t\t\t\t\t<i aria-hidden=\"true\" class=\"fas fa-check-circle\"><\/i>\t\t\t\t\t\t<\/span>\n\t\t\t\t\t\t\t\t\t\t<span class=\"elementor-icon-list-text\">Aviation<\/span>\n\t\t\t\t\t\t\t\t\t<\/li>\n\t\t\t\t\t\t\t\t<li class=\"elementor-icon-list-item elementor-inline-item\">\n\t\t\t\t\t\t\t\t\t\t\t<span class=\"elementor-icon-list-icon\">\n\t\t\t\t\t\t\t<i aria-hidden=\"true\" class=\"fas fa-check-circle\"><\/i>\t\t\t\t\t\t<\/span>\n\t\t\t\t\t\t\t\t\t\t<span class=\"elementor-icon-list-text\">Defense<\/span>\n\t\t\t\t\t\t\t\t\t<\/li>\n\t\t\t\t\t\t\t\t<li class=\"elementor-icon-list-item elementor-inline-item\">\n\t\t\t\t\t\t\t\t\t\t\t<span class=\"elementor-icon-list-icon\">\n\t\t\t\t\t\t\t<i aria-hidden=\"true\" class=\"fas fa-check-circle\"><\/i>\t\t\t\t\t\t<\/span>\n\t\t\t\t\t\t\t\t\t\t<span class=\"elementor-icon-list-text\">Anti-corrosion<\/span>\n\t\t\t\t\t\t\t\t\t<\/li>\n\t\t\t\t\t\t\t\t<li class=\"elementor-icon-list-item elementor-inline-item\">\n\t\t\t\t\t\t\t\t\t\t\t<span class=\"elementor-icon-list-icon\">\n\t\t\t\t\t\t\t<i aria-hidden=\"true\" class=\"fas fa-check-circle\"><\/i>\t\t\t\t\t\t<\/span>\n\t\t\t\t\t\t\t\t\t\t<span class=\"elementor-icon-list-text\">Fire protection<\/span>\n\t\t\t\t\t\t\t\t\t<\/li>\n\t\t\t\t\t\t<\/ul>\n\t\t\t\t\t\t<\/div>\n\t\t\t\t<\/div>\n\t\t\t\t\t<\/div>\n\t\t<\/div>\n\t\t\t\t\t<\/div>\n\t\t<\/section>\n\t\t\t\t<section class=\"elementor-section elementor-top-section elementor-element elementor-element-2aa186a elementor-section-full_width elementor-section-height-default elementor-section-height-default\" data-id=\"2aa186a\" data-element_type=\"section\" data-e-type=\"section\">\n\t\t\t\t\t\t<div class=\"elementor-container elementor-column-gap-default\">\n\t\t\t\t\t<div class=\"elementor-column elementor-col-100 elementor-top-column elementor-element elementor-element-1ddac1f\" data-id=\"1ddac1f\" data-element_type=\"column\" data-e-type=\"column\">\n\t\t\t<div class=\"elementor-widget-wrap elementor-element-populated\">\n\t\t\t\t\t\t<div class=\"elementor-element elementor-element-d584d9c elementor-align-justify elementor-widget elementor-widget-global elementor-global-450 elementor-widget-button\" data-id=\"d584d9c\" data-element_type=\"widget\" data-e-type=\"widget\" data-widget_type=\"button.default\">\n\t\t\t\t<div class=\"elementor-widget-container\">\n\t\t\t\t\t\t\t\t\t<div class=\"elementor-button-wrapper\">\n\t\t\t\t\t<a class=\"elementor-button elementor-button-link elementor-size-sm\" href=\"\/en_gb\/kontakt-oss\/\">\n\t\t\t\t\t\t<span class=\"elementor-button-content-wrapper\">\n\t\t\t\t\t\t\t\t\t<span class=\"elementor-button-text\">Contact us today!<\/span>\n\t\t\t\t\t<\/span>\n\t\t\t\t\t<\/a>\n\t\t\t\t<\/div>\n\t\t\t\t\t\t\t\t<\/div>\n\t\t\t\t<\/div>\n\t\t\t\t\t<\/div>\n\t\t<\/div>\n\t\t\t\t\t<\/div>\n\t\t<\/section>\n\t\t\t\t<\/div>","protected":false},"excerpt":{"rendered":"<p>JAK J ALVEBERG AS Skip Korrosjonsbeskyttelse Jak J Alveberg AS har levert l\u00f8sninger for korrosjonsbeskyttelse av metaller siden oppstarten i 1917, og dette er fortsatt et av v\u00e5re viktigste omr\u00e5der. I dag leverer vi korrosjonsbeskyttende malinger til omr\u00e5der som: Ballastanker p\u00e5 skip. Galvaniserte h\u00f8yspentmaster. St\u00e5lkonstruksjoner innenfor vannkraftsektoren. Tanker, spuntvegger, osv. \u00a0 Kort sagt tilbyr vi [&hellip;]<\/p>\n","protected":false},"author":1,"featured_media":0,"parent":0,"menu_order":0,"comment_status":"closed","ping_status":"closed","template":"","meta":{"footnotes":""},"class_list":["post-2722","page","type-page","status-publish","hentry"],"yoast_head":"<!-- This site is optimized with the Yoast SEO plugin v27.5 - https:\/\/yoast.com\/product\/yoast-seo-wordpress\/ -->\n<title>Korrosjonsbeskyttelse - Jak J Alveberg AS<\/title>\n<meta name=\"robots\" content=\"index, follow, max-snippet:-1, max-image-preview:large, max-video-preview:-1\" \/>\n<link rel=\"canonical\" href=\"https:\/\/alveberg.no\/en_gb\/korrosjonsbeskyttelse\/\" \/>\n<meta property=\"og:locale\" content=\"en_GB\" \/>\n<meta property=\"og:type\" content=\"article\" \/>\n<meta property=\"og:title\" content=\"Korrosjonsbeskyttelse - Jak J Alveberg AS\" \/>\n<meta property=\"og:description\" content=\"JAK J ALVEBERG AS Skip Korrosjonsbeskyttelse Jak J Alveberg AS har levert l\u00f8sninger for korrosjonsbeskyttelse av metaller siden oppstarten i 1917, og dette er fortsatt et av v\u00e5re viktigste omr\u00e5der. I dag leverer vi korrosjonsbeskyttende malinger til omr\u00e5der som: Ballastanker p\u00e5 skip. Galvaniserte h\u00f8yspentmaster. St\u00e5lkonstruksjoner innenfor vannkraftsektoren. Tanker, spuntvegger, osv. \u00a0 Kort sagt tilbyr vi [&hellip;]\" \/>\n<meta property=\"og:url\" content=\"https:\/\/alveberg.no\/en_gb\/korrosjonsbeskyttelse\/\" \/>\n<meta property=\"og:site_name\" content=\"Jak J Alveberg AS\" \/>\n<meta property=\"article:modified_time\" content=\"2024-10-02T06:03:28+00:00\" \/>\n<meta property=\"og:image\" content=\"https:\/\/alveberg.no\/wp-content\/uploads\/2023\/06\/Jak-e1715331216226.png\" \/>\n\t<meta property=\"og:image:width\" content=\"178\" \/>\n\t<meta property=\"og:image:height\" content=\"68\" \/>\n\t<meta property=\"og:image:type\" content=\"image\/png\" \/>\n<meta name=\"twitter:card\" content=\"summary_large_image\" \/>\n<meta name=\"twitter:label1\" content=\"Estimated reading time\" \/>\n\t<meta name=\"twitter:data1\" content=\"2 minutes\" \/>\n<script type=\"application\/ld+json\" class=\"yoast-schema-graph\">{\"@context\":\"https:\\\/\\\/schema.org\",\"@graph\":[{\"@type\":\"WebPage\",\"@id\":\"https:\\\/\\\/alveberg.no\\\/korrosjonsbeskyttelse\\\/\",\"url\":\"https:\\\/\\\/alveberg.no\\\/korrosjonsbeskyttelse\\\/\",\"name\":\"Korrosjonsbeskyttelse - Jak J Alveberg AS\",\"isPartOf\":{\"@id\":\"https:\\\/\\\/alveberg.no\\\/#website\"},\"datePublished\":\"2024-08-15T11:14:22+00:00\",\"dateModified\":\"2024-10-02T06:03:28+00:00\",\"breadcrumb\":{\"@id\":\"https:\\\/\\\/alveberg.no\\\/korrosjonsbeskyttelse\\\/#breadcrumb\"},\"inLanguage\":\"en-GB\",\"potentialAction\":[{\"@type\":\"ReadAction\",\"target\":[\"https:\\\/\\\/alveberg.no\\\/korrosjonsbeskyttelse\\\/\"]}]},{\"@type\":\"BreadcrumbList\",\"@id\":\"https:\\\/\\\/alveberg.no\\\/korrosjonsbeskyttelse\\\/#breadcrumb\",\"itemListElement\":[{\"@type\":\"ListItem\",\"position\":1,\"name\":\"Hjem\",\"item\":\"https:\\\/\\\/alveberg.no\\\/\"},{\"@type\":\"ListItem\",\"position\":2,\"name\":\"Korrosjonsbeskyttelse\"}]},{\"@type\":\"WebSite\",\"@id\":\"https:\\\/\\\/alveberg.no\\\/#website\",\"url\":\"https:\\\/\\\/alveberg.no\\\/\",\"name\":\"Jak J Alveberg AS\",\"description\":\"Leverand\u00f8r av h\u00f8ykvalitets malingssystemer!\",\"publisher\":{\"@id\":\"https:\\\/\\\/alveberg.no\\\/#organization\"},\"potentialAction\":[{\"@type\":\"SearchAction\",\"target\":{\"@type\":\"EntryPoint\",\"urlTemplate\":\"https:\\\/\\\/alveberg.no\\\/?s={search_term_string}\"},\"query-input\":{\"@type\":\"PropertyValueSpecification\",\"valueRequired\":true,\"valueName\":\"search_term_string\"}}],\"inLanguage\":\"en-GB\"},{\"@type\":\"Organization\",\"@id\":\"https:\\\/\\\/alveberg.no\\\/#organization\",\"name\":\"Jak J Alveberg AS\",\"url\":\"https:\\\/\\\/alveberg.no\\\/\",\"logo\":{\"@type\":\"ImageObject\",\"inLanguage\":\"en-GB\",\"@id\":\"https:\\\/\\\/alveberg.no\\\/#\\\/schema\\\/logo\\\/image\\\/\",\"url\":\"https:\\\/\\\/alveberg.no\\\/wp-content\\\/uploads\\\/2023\\\/06\\\/Jak-e1715331216226.png\",\"contentUrl\":\"https:\\\/\\\/alveberg.no\\\/wp-content\\\/uploads\\\/2023\\\/06\\\/Jak-e1715331216226.png\",\"width\":178,\"height\":68,\"caption\":\"Jak J Alveberg AS\"},\"image\":{\"@id\":\"https:\\\/\\\/alveberg.no\\\/#\\\/schema\\\/logo\\\/image\\\/\"},\"sameAs\":[\"https:\\\/\\\/www.linkedin.com\\\/company\\\/jak-j-alveberg\\\/about\\\/\"]}]}<\/script>\n<!-- \/ Yoast SEO plugin. -->","yoast_head_json":{"title":"Korrosjonsbeskyttelse - Jak J Alveberg AS","robots":{"index":"index","follow":"follow","max-snippet":"max-snippet:-1","max-image-preview":"max-image-preview:large","max-video-preview":"max-video-preview:-1"},"canonical":"https:\/\/alveberg.no\/en_gb\/korrosjonsbeskyttelse\/","og_locale":"en_GB","og_type":"article","og_title":"Korrosjonsbeskyttelse - Jak J Alveberg AS","og_description":"JAK J ALVEBERG AS Skip Korrosjonsbeskyttelse Jak J Alveberg AS har levert l\u00f8sninger for korrosjonsbeskyttelse av metaller siden oppstarten i 1917, og dette er fortsatt et av v\u00e5re viktigste omr\u00e5der. I dag leverer vi korrosjonsbeskyttende malinger til omr\u00e5der som: Ballastanker p\u00e5 skip. Galvaniserte h\u00f8yspentmaster. St\u00e5lkonstruksjoner innenfor vannkraftsektoren. Tanker, spuntvegger, osv. \u00a0 Kort sagt tilbyr vi [&hellip;]","og_url":"https:\/\/alveberg.no\/en_gb\/korrosjonsbeskyttelse\/","og_site_name":"Jak J Alveberg AS","article_modified_time":"2024-10-02T06:03:28+00:00","og_image":[{"width":178,"height":68,"url":"https:\/\/alveberg.no\/wp-content\/uploads\/2023\/06\/Jak-e1715331216226.png","type":"image\/png"}],"twitter_card":"summary_large_image","twitter_misc":{"Estimated reading time":"2 minutes"},"schema":{"@context":"https:\/\/schema.org","@graph":[{"@type":"WebPage","@id":"https:\/\/alveberg.no\/korrosjonsbeskyttelse\/","url":"https:\/\/alveberg.no\/korrosjonsbeskyttelse\/","name":"Korrosjonsbeskyttelse - Jak J Alveberg AS","isPartOf":{"@id":"https:\/\/alveberg.no\/#website"},"datePublished":"2024-08-15T11:14:22+00:00","dateModified":"2024-10-02T06:03:28+00:00","breadcrumb":{"@id":"https:\/\/alveberg.no\/korrosjonsbeskyttelse\/#breadcrumb"},"inLanguage":"en-GB","potentialAction":[{"@type":"ReadAction","target":["https:\/\/alveberg.no\/korrosjonsbeskyttelse\/"]}]},{"@type":"BreadcrumbList","@id":"https:\/\/alveberg.no\/korrosjonsbeskyttelse\/#breadcrumb","itemListElement":[{"@type":"ListItem","position":1,"name":"Hjem","item":"https:\/\/alveberg.no\/"},{"@type":"ListItem","position":2,"name":"Korrosjonsbeskyttelse"}]},{"@type":"WebSite","@id":"https:\/\/alveberg.no\/#website","url":"https:\/\/alveberg.no\/","name":"Jak J Alveberg AS","description":"Leverand\u00f8r av h\u00f8ykvalitets malingssystemer!","publisher":{"@id":"https:\/\/alveberg.no\/#organization"},"potentialAction":[{"@type":"SearchAction","target":{"@type":"EntryPoint","urlTemplate":"https:\/\/alveberg.no\/?s={search_term_string}"},"query-input":{"@type":"PropertyValueSpecification","valueRequired":true,"valueName":"search_term_string"}}],"inLanguage":"en-GB"},{"@type":"Organization","@id":"https:\/\/alveberg.no\/#organization","name":"Jak J Alveberg AS","url":"https:\/\/alveberg.no\/","logo":{"@type":"ImageObject","inLanguage":"en-GB","@id":"https:\/\/alveberg.no\/#\/schema\/logo\/image\/","url":"https:\/\/alveberg.no\/wp-content\/uploads\/2023\/06\/Jak-e1715331216226.png","contentUrl":"https:\/\/alveberg.no\/wp-content\/uploads\/2023\/06\/Jak-e1715331216226.png","width":178,"height":68,"caption":"Jak J Alveberg AS"},"image":{"@id":"https:\/\/alveberg.no\/#\/schema\/logo\/image\/"},"sameAs":["https:\/\/www.linkedin.com\/company\/jak-j-alveberg\/about\/"]}]}},"_links":{"self":[{"href":"https:\/\/alveberg.no\/en_gb\/wp-json\/wp\/v2\/pages\/2722","targetHints":{"allow":["GET"]}}],"collection":[{"href":"https:\/\/alveberg.no\/en_gb\/wp-json\/wp\/v2\/pages"}],"about":[{"href":"https:\/\/alveberg.no\/en_gb\/wp-json\/wp\/v2\/types\/page"}],"author":[{"embeddable":true,"href":"https:\/\/alveberg.no\/en_gb\/wp-json\/wp\/v2\/users\/1"}],"replies":[{"embeddable":true,"href":"https:\/\/alveberg.no\/en_gb\/wp-json\/wp\/v2\/comments?post=2722"}],"version-history":[{"count":19,"href":"https:\/\/alveberg.no\/en_gb\/wp-json\/wp\/v2\/pages\/2722\/revisions"}],"predecessor-version":[{"id":3270,"href":"https:\/\/alveberg.no\/en_gb\/wp-json\/wp\/v2\/pages\/2722\/revisions\/3270"}],"wp:attachment":[{"href":"https:\/\/alveberg.no\/en_gb\/wp-json\/wp\/v2\/media?parent=2722"}],"curies":[{"name":"wp","href":"https:\/\/api.w.org\/{rel}","templated":true}]}}