{"id":1499,"date":"2023-09-12T12:31:06","date_gmt":"2023-09-12T10:31:06","guid":{"rendered":"https:\/\/determined-cori.79-161-218-19.plesk.page\/?page_id=1499"},"modified":"2024-09-12T08:41:36","modified_gmt":"2024-09-12T06:41:36","slug":"tanker","status":"publish","type":"page","link":"https:\/\/alveberg.no\/en_gb\/tanker\/","title":{"rendered":"Tanker"},"content":{"rendered":"<div data-elementor-type=\"wp-page\" data-elementor-id=\"1499\" class=\"elementor elementor-1499\" data-elementor-post-type=\"page\">\n\t\t\t\t\t\t<section class=\"elementor-section elementor-top-section elementor-element elementor-element-b932300 elementor-section-height-min-height elementor-section-boxed elementor-section-height-default elementor-section-items-middle\" data-id=\"b932300\" data-element_type=\"section\" data-e-type=\"section\" data-settings=\"{&quot;background_background&quot;:&quot;classic&quot;}\">\n\t\t\t\t\t\t\t<div class=\"elementor-background-overlay\"><\/div>\n\t\t\t\t\t\t\t<div class=\"elementor-container elementor-column-gap-default\">\n\t\t\t\t\t<div class=\"elementor-column elementor-col-100 elementor-top-column elementor-element elementor-element-824699c\" data-id=\"824699c\" data-element_type=\"column\" data-e-type=\"column\">\n\t\t\t<div class=\"elementor-widget-wrap elementor-element-populated\">\n\t\t\t\t\t\t<div class=\"elementor-element elementor-element-867b61e elementor-widget elementor-widget-heading\" data-id=\"867b61e\" data-element_type=\"widget\" data-e-type=\"widget\" data-widget_type=\"heading.default\">\n\t\t\t\t<div class=\"elementor-widget-container\">\n\t\t\t\t\t<h4 class=\"elementor-heading-title elementor-size-default\">JAK J ALVEBERG AS<\/h4>\t\t\t\t<\/div>\n\t\t\t\t<\/div>\n\t\t\t\t<div class=\"elementor-element elementor-element-f4931c6 elementor-widget elementor-widget-heading\" data-id=\"f4931c6\" data-element_type=\"widget\" data-e-type=\"widget\" data-widget_type=\"heading.default\">\n\t\t\t\t<div class=\"elementor-widget-container\">\n\t\t\t\t\t<h1 class=\"elementor-heading-title elementor-size-default\">Storage tanks<\/h1>\t\t\t\t<\/div>\n\t\t\t\t<\/div>\n\t\t\t\t\t<\/div>\n\t\t<\/div>\n\t\t\t\t\t<\/div>\n\t\t<\/section>\n\t\t\t\t<section class=\"elementor-section elementor-top-section elementor-element elementor-element-f54bf95 elementor-section-full_width elementor-section-height-default elementor-section-height-default\" data-id=\"f54bf95\" data-element_type=\"section\" data-e-type=\"section\" data-settings=\"{&quot;shape_divider_top&quot;:&quot;arrow&quot;}\">\n\t\t\t\t\t<div class=\"elementor-shape elementor-shape-top\" aria-hidden=\"true\" data-negative=\"false\">\n\t\t\t<svg xmlns=\"http:\/\/www.w3.org\/2000\/svg\" viewbox=\"0 0 700 10\" preserveaspectratio=\"none\">\n\t<path class=\"elementor-shape-fill\" d=\"M350,10L340,0h20L350,10z\"\/>\n<\/svg>\t\t<\/div>\n\t\t\t\t\t<div class=\"elementor-container elementor-column-gap-default\">\n\t\t\t\t\t<div class=\"elementor-column elementor-col-50 elementor-top-column elementor-element elementor-element-00cbcbb\" data-id=\"00cbcbb\" data-element_type=\"column\" data-e-type=\"column\" data-settings=\"{&quot;background_background&quot;:&quot;classic&quot;}\">\n\t\t\t<div class=\"elementor-widget-wrap elementor-element-populated\">\n\t\t\t\t\t<div class=\"elementor-background-overlay\"><\/div>\n\t\t\t\t\t\t<div class=\"elementor-element elementor-element-a790ae5 elementor-widget elementor-widget-heading\" data-id=\"a790ae5\" data-element_type=\"widget\" data-e-type=\"widget\" data-widget_type=\"heading.default\">\n\t\t\t\t<div class=\"elementor-widget-container\">\n\t\t\t\t\t<h2 class=\"elementor-heading-title elementor-size-default\">Corrosion protection<\/h2>\t\t\t\t<\/div>\n\t\t\t\t<\/div>\n\t\t\t\t<div class=\"elementor-element elementor-element-f1746e9 elementor-widget elementor-widget-text-editor\" data-id=\"f1746e9\" data-element_type=\"widget\" data-e-type=\"widget\" data-widget_type=\"text-editor.default\">\n\t\t\t\t<div class=\"elementor-widget-container\">\n\t\t\t\t\t\t\t\t\t<p>Jak J Alveberg AS has delivered solutions for corrosion protection of metals since its inception in 1917, and this is still an important area.<\/p><p>Today we supply corrosion protection paints to areas such as:<\/p><ul><li>Ballast tanks on ships<\/li><li>Steel structures within the hydropower sector<\/li><li>Tanks, sheet pile walls, etc.<\/li><\/ul><p>\u00a0<\/p><p>In short, we offer tailor-made solutions for most substrates and environments. Contact us and we will help you find the best possible solution for your corrosion problem.<\/p>\t\t\t\t\t\t\t\t<\/div>\n\t\t\t\t<\/div>\n\t\t\t\t\t<\/div>\n\t\t<\/div>\n\t\t\t\t<div class=\"elementor-column elementor-col-50 elementor-top-column elementor-element elementor-element-13cd6ff\" data-id=\"13cd6ff\" data-element_type=\"column\" data-e-type=\"column\" data-settings=\"{&quot;background_background&quot;:&quot;classic&quot;}\">\n\t\t\t<div class=\"elementor-widget-wrap elementor-element-populated\">\n\t\t\t\t\t\t<section class=\"elementor-section elementor-inner-section elementor-element elementor-element-4087ccb elementor-section-boxed elementor-section-height-default elementor-section-height-default\" data-id=\"4087ccb\" data-element_type=\"section\" data-e-type=\"section\" data-settings=\"{&quot;background_background&quot;:&quot;classic&quot;}\">\n\t\t\t\t\t\t<div class=\"elementor-container elementor-column-gap-default\">\n\t\t\t\t\t<div class=\"elementor-column elementor-col-100 elementor-inner-column elementor-element elementor-element-e801df7\" data-id=\"e801df7\" data-element_type=\"column\" data-e-type=\"column\" data-settings=\"{&quot;background_background&quot;:&quot;gradient&quot;}\">\n\t\t\t<div class=\"elementor-widget-wrap elementor-element-populated\">\n\t\t\t\t\t\t<div class=\"elementor-element elementor-element-05d7f94 elementor-widget elementor-widget-heading\" data-id=\"05d7f94\" data-element_type=\"widget\" data-e-type=\"widget\" data-widget_type=\"heading.default\">\n\t\t\t\t<div class=\"elementor-widget-container\">\n\t\t\t\t\t<h4 class=\"elementor-heading-title elementor-size-default\">Storage tanks<\/h4>\t\t\t\t<\/div>\n\t\t\t\t<\/div>\n\t\t\t\t<div class=\"elementor-element elementor-element-d761c90 elementor-widget elementor-widget-text-editor\" data-id=\"d761c90\" data-element_type=\"widget\" data-e-type=\"widget\" data-widget_type=\"text-editor.default\">\n\t\t\t\t<div class=\"elementor-widget-container\">\n\t\t\t\t\t\t\t\t\t<p>Whether tanks are in mountain halls or in the open air, we have products and solutions for corrosion protection.<\/p><p>If the tanks contain water, fuel or chemicals, we can tailor solutions for internal protection.<\/p>\t\t\t\t\t\t\t\t<\/div>\n\t\t\t\t<\/div>\n\t\t\t\t\t<\/div>\n\t\t<\/div>\n\t\t\t\t\t<\/div>\n\t\t<\/section>\n\t\t\t\t\t<\/div>\n\t\t<\/div>\n\t\t\t\t\t<\/div>\n\t\t<\/section>\n\t\t\t\t<section class=\"elementor-section elementor-top-section elementor-element elementor-element-a864529 elementor-section-full_width elementor-section-height-default elementor-section-height-default\" data-id=\"a864529\" data-element_type=\"section\" data-e-type=\"section\" data-settings=\"{&quot;background_background&quot;:&quot;classic&quot;}\">\n\t\t\t\t\t\t<div class=\"elementor-container elementor-column-gap-default\">\n\t\t\t\t\t<div class=\"elementor-column elementor-col-50 elementor-top-column elementor-element elementor-element-9bfc634\" data-id=\"9bfc634\" data-element_type=\"column\" data-e-type=\"column\" data-settings=\"{&quot;background_background&quot;:&quot;classic&quot;}\">\n\t\t\t<div class=\"elementor-widget-wrap elementor-element-populated\">\n\t\t\t\t\t\t<section class=\"elementor-section elementor-inner-section elementor-element elementor-element-b9f2d60 elementor-reverse-tablet elementor-reverse-mobile elementor-section-boxed elementor-section-height-default elementor-section-height-default\" data-id=\"b9f2d60\" data-element_type=\"section\" data-e-type=\"section\">\n\t\t\t\t\t\t<div class=\"elementor-container elementor-column-gap-default\">\n\t\t\t\t\t<div class=\"elementor-column elementor-col-50 elementor-inner-column elementor-element elementor-element-83aa1c8\" data-id=\"83aa1c8\" data-element_type=\"column\" data-e-type=\"column\" data-settings=\"{&quot;background_background&quot;:&quot;classic&quot;}\">\n\t\t\t<div class=\"elementor-widget-wrap elementor-element-populated\">\n\t\t\t\t\t\t<div class=\"elementor-element elementor-element-7ff9f4c elementor-widget-divider--view-line elementor-widget elementor-widget-divider\" data-id=\"7ff9f4c\" data-element_type=\"widget\" data-e-type=\"widget\" data-widget_type=\"divider.default\">\n\t\t\t\t<div class=\"elementor-widget-container\">\n\t\t\t\t\t\t\t<div class=\"elementor-divider\">\n\t\t\t<span class=\"elementor-divider-separator\">\n\t\t\t\t\t\t<\/span>\n\t\t<\/div>\n\t\t\t\t\t\t<\/div>\n\t\t\t\t<\/div>\n\t\t\t\t\t<\/div>\n\t\t<\/div>\n\t\t\t\t<div class=\"elementor-column elementor-col-50 elementor-inner-column elementor-element elementor-element-cad2459\" data-id=\"cad2459\" data-element_type=\"column\" data-e-type=\"column\" data-settings=\"{&quot;background_background&quot;:&quot;classic&quot;}\">\n\t\t\t<div class=\"elementor-widget-wrap elementor-element-populated\">\n\t\t\t\t\t\t<div class=\"elementor-element elementor-element-1ac91b9 elementor-widget elementor-widget-heading\" data-id=\"1ac91b9\" data-element_type=\"widget\" data-e-type=\"widget\" data-widget_type=\"heading.default\">\n\t\t\t\t<div class=\"elementor-widget-container\">\n\t\t\t\t\t<h3 class=\"elementor-heading-title elementor-size-default\">Fuel<\/h3>\t\t\t\t<\/div>\n\t\t\t\t<\/div>\n\t\t\t\t<div class=\"elementor-element elementor-element-e651b06 elementor-widget elementor-widget-text-editor\" data-id=\"e651b06\" data-element_type=\"widget\" data-e-type=\"widget\" data-widget_type=\"text-editor.default\">\n\t\t\t\t<div class=\"elementor-widget-container\">\n\t\t\t\t\t\t\t\t\t<p>Regardless of the fuel, no fuel poses a problem for our coatings.<\/p><p>Give us the specifications of what you want to store and we will provide a tailor-made coating solution that will meet your needs.<\/p><p>By consistently prioritizing both quality and innovation, you can have complete confidence in us, no matter what type of fuel you handle.<\/p>\t\t\t\t\t\t\t\t<\/div>\n\t\t\t\t<\/div>\n\t\t\t\t\t<\/div>\n\t\t<\/div>\n\t\t\t\t\t<\/div>\n\t\t<\/section>\n\t\t\t\t\t<\/div>\n\t\t<\/div>\n\t\t\t\t<div class=\"elementor-column elementor-col-50 elementor-top-column elementor-element elementor-element-a48df66\" data-id=\"a48df66\" data-element_type=\"column\" data-e-type=\"column\" data-settings=\"{&quot;background_background&quot;:&quot;classic&quot;}\">\n\t\t\t<div class=\"elementor-widget-wrap elementor-element-populated\">\n\t\t\t\t\t\t<section class=\"elementor-section elementor-inner-section elementor-element elementor-element-083da11 elementor-reverse-tablet elementor-reverse-mobile elementor-section-boxed elementor-section-height-default elementor-section-height-default\" data-id=\"083da11\" data-element_type=\"section\" data-e-type=\"section\">\n\t\t\t\t\t\t<div class=\"elementor-container elementor-column-gap-default\">\n\t\t\t\t\t<div class=\"elementor-column elementor-col-50 elementor-inner-column elementor-element elementor-element-0ab93bf\" data-id=\"0ab93bf\" data-element_type=\"column\" data-e-type=\"column\" data-settings=\"{&quot;background_background&quot;:&quot;classic&quot;}\">\n\t\t\t<div class=\"elementor-widget-wrap elementor-element-populated\">\n\t\t\t\t\t\t<div class=\"elementor-element elementor-element-e661921 elementor-widget-divider--view-line elementor-widget elementor-widget-divider\" data-id=\"e661921\" data-element_type=\"widget\" data-e-type=\"widget\" data-widget_type=\"divider.default\">\n\t\t\t\t<div class=\"elementor-widget-container\">\n\t\t\t\t\t\t\t<div class=\"elementor-divider\">\n\t\t\t<span class=\"elementor-divider-separator\">\n\t\t\t\t\t\t<\/span>\n\t\t<\/div>\n\t\t\t\t\t\t<\/div>\n\t\t\t\t<\/div>\n\t\t\t\t<div class=\"elementor-element elementor-element-fff76de elementor-widget elementor-widget-heading\" data-id=\"fff76de\" data-element_type=\"widget\" data-e-type=\"widget\" data-widget_type=\"heading.default\">\n\t\t\t\t<div class=\"elementor-widget-container\">\n\t\t\t\t\t<h2 class=\"elementor-heading-title elementor-size-default\">JET A1<\/h2>\t\t\t\t<\/div>\n\t\t\t\t<\/div>\n\t\t\t\t\t<\/div>\n\t\t<\/div>\n\t\t\t\t<div class=\"elementor-column elementor-col-50 elementor-inner-column elementor-element elementor-element-eaf4d8f\" data-id=\"eaf4d8f\" data-element_type=\"column\" data-e-type=\"column\" data-settings=\"{&quot;background_background&quot;:&quot;classic&quot;}\">\n\t\t\t<div class=\"elementor-widget-wrap elementor-element-populated\">\n\t\t\t\t\t\t<div class=\"elementor-element elementor-element-f27df9a elementor-widget elementor-widget-heading\" data-id=\"f27df9a\" data-element_type=\"widget\" data-e-type=\"widget\" data-widget_type=\"heading.default\">\n\t\t\t\t<div class=\"elementor-widget-container\">\n\t\t\t\t\t<h3 class=\"elementor-heading-title elementor-size-default\">Jet fuel and containers<\/h3>\t\t\t\t<\/div>\n\t\t\t\t<\/div>\n\t\t\t\t<div class=\"elementor-element elementor-element-1206f41 elementor-widget elementor-widget-text-editor\" data-id=\"1206f41\" data-element_type=\"widget\" data-e-type=\"widget\" data-widget_type=\"text-editor.default\">\n\t\t\t\t<div class=\"elementor-widget-container\">\n\t\t\t\t\t\t\t\t\t<p>It is extremely important that jet fuel is not contaminated by corrosion products from the containers in which it is stored.<\/p><p>Also that the products used to coat the inside of these tanks do not leach chemicals into the fuel, or are dissolved by it.<\/p><p>We can offer a well-documented solution for long-term and documented results.<\/p>\t\t\t\t\t\t\t\t<\/div>\n\t\t\t\t<\/div>\n\t\t\t\t\t<\/div>\n\t\t<\/div>\n\t\t\t\t\t<\/div>\n\t\t<\/section>\n\t\t\t\t\t<\/div>\n\t\t<\/div>\n\t\t\t\t\t<\/div>\n\t\t<\/section>\n\t\t\t\t<section class=\"elementor-section elementor-top-section elementor-element elementor-element-be3352a elementor-section-boxed elementor-section-height-default elementor-section-height-default\" data-id=\"be3352a\" data-element_type=\"section\" data-e-type=\"section\" data-settings=\"{&quot;background_background&quot;:&quot;gradient&quot;}\">\n\t\t\t\t\t\t<div class=\"elementor-container elementor-column-gap-default\">\n\t\t\t\t\t<div class=\"elementor-column elementor-col-100 elementor-top-column elementor-element elementor-element-22fac4c\" data-id=\"22fac4c\" data-element_type=\"column\" data-e-type=\"column\">\n\t\t\t<div class=\"elementor-widget-wrap elementor-element-populated\">\n\t\t\t\t\t\t<div class=\"elementor-element elementor-element-8982342 elementor-widget elementor-widget-global elementor-global-359 elementor-widget-heading\" data-id=\"8982342\" data-element_type=\"widget\" data-e-type=\"widget\" data-widget_type=\"heading.default\">\n\t\t\t\t<div class=\"elementor-widget-container\">\n\t\t\t\t\t<h4 class=\"elementor-heading-title elementor-size-default\">Do you need our services?<\/h4>\t\t\t\t<\/div>\n\t\t\t\t<\/div>\n\t\t\t\t<div class=\"elementor-element elementor-element-31a63b3 elementor-widget elementor-widget-global elementor-global-362 elementor-widget-heading\" data-id=\"31a63b3\" data-element_type=\"widget\" data-e-type=\"widget\" data-widget_type=\"heading.default\">\n\t\t\t\t<div class=\"elementor-widget-container\">\n\t\t\t\t\t<h2 class=\"elementor-heading-title elementor-size-default\">We can help you with products for<\/h2>\t\t\t\t<\/div>\n\t\t\t\t<\/div>\n\t\t\t\t<div class=\"elementor-element elementor-element-94d3265 elementor-icon-list--layout-inline elementor-align-center elementor-tablet-align-center elementor-list-item-link-full_width elementor-widget elementor-widget-global elementor-global-421 elementor-widget-icon-list\" data-id=\"94d3265\" data-element_type=\"widget\" data-e-type=\"widget\" data-widget_type=\"icon-list.default\">\n\t\t\t\t<div class=\"elementor-widget-container\">\n\t\t\t\t\t\t\t<ul class=\"elementor-icon-list-items elementor-inline-items\">\n\t\t\t\t\t\t\t<li class=\"elementor-icon-list-item elementor-inline-item\">\n\t\t\t\t\t\t\t\t\t\t\t<span class=\"elementor-icon-list-icon\">\n\t\t\t\t\t\t\t<i aria-hidden=\"true\" class=\"fas fa-check-circle\"><\/i>\t\t\t\t\t\t<\/span>\n\t\t\t\t\t\t\t\t\t\t<span class=\"elementor-icon-list-text\">Aviation<\/span>\n\t\t\t\t\t\t\t\t\t<\/li>\n\t\t\t\t\t\t\t\t<li class=\"elementor-icon-list-item elementor-inline-item\">\n\t\t\t\t\t\t\t\t\t\t\t<span class=\"elementor-icon-list-icon\">\n\t\t\t\t\t\t\t<i aria-hidden=\"true\" class=\"fas fa-check-circle\"><\/i>\t\t\t\t\t\t<\/span>\n\t\t\t\t\t\t\t\t\t\t<span class=\"elementor-icon-list-text\">Defense<\/span>\n\t\t\t\t\t\t\t\t\t<\/li>\n\t\t\t\t\t\t\t\t<li class=\"elementor-icon-list-item elementor-inline-item\">\n\t\t\t\t\t\t\t\t\t\t\t<span class=\"elementor-icon-list-icon\">\n\t\t\t\t\t\t\t<i aria-hidden=\"true\" class=\"fas fa-check-circle\"><\/i>\t\t\t\t\t\t<\/span>\n\t\t\t\t\t\t\t\t\t\t<span class=\"elementor-icon-list-text\">Anti-corrosion<\/span>\n\t\t\t\t\t\t\t\t\t<\/li>\n\t\t\t\t\t\t\t\t<li class=\"elementor-icon-list-item elementor-inline-item\">\n\t\t\t\t\t\t\t\t\t\t\t<span class=\"elementor-icon-list-icon\">\n\t\t\t\t\t\t\t<i aria-hidden=\"true\" class=\"fas fa-check-circle\"><\/i>\t\t\t\t\t\t<\/span>\n\t\t\t\t\t\t\t\t\t\t<span class=\"elementor-icon-list-text\">Fire protection<\/span>\n\t\t\t\t\t\t\t\t\t<\/li>\n\t\t\t\t\t\t<\/ul>\n\t\t\t\t\t\t<\/div>\n\t\t\t\t<\/div>\n\t\t\t\t\t<\/div>\n\t\t<\/div>\n\t\t\t\t\t<\/div>\n\t\t<\/section>\n\t\t\t\t<section class=\"elementor-section elementor-top-section elementor-element elementor-element-2aa186a elementor-section-full_width elementor-section-height-default elementor-section-height-default\" data-id=\"2aa186a\" data-element_type=\"section\" data-e-type=\"section\">\n\t\t\t\t\t\t<div class=\"elementor-container elementor-column-gap-default\">\n\t\t\t\t\t<div class=\"elementor-column elementor-col-100 elementor-top-column elementor-element elementor-element-1ddac1f\" data-id=\"1ddac1f\" data-element_type=\"column\" data-e-type=\"column\">\n\t\t\t<div class=\"elementor-widget-wrap elementor-element-populated\">\n\t\t\t\t\t\t<div class=\"elementor-element elementor-element-d584d9c elementor-align-justify elementor-widget elementor-widget-global elementor-global-450 elementor-widget-button\" data-id=\"d584d9c\" data-element_type=\"widget\" data-e-type=\"widget\" data-widget_type=\"button.default\">\n\t\t\t\t<div class=\"elementor-widget-container\">\n\t\t\t\t\t\t\t\t\t<div class=\"elementor-button-wrapper\">\n\t\t\t\t\t<a class=\"elementor-button elementor-button-link elementor-size-sm\" href=\"\/en_gb\/kontakt-oss\/\">\n\t\t\t\t\t\t<span class=\"elementor-button-content-wrapper\">\n\t\t\t\t\t\t\t\t\t<span class=\"elementor-button-text\">Contact us today!<\/span>\n\t\t\t\t\t<\/span>\n\t\t\t\t\t<\/a>\n\t\t\t\t<\/div>\n\t\t\t\t\t\t\t\t<\/div>\n\t\t\t\t<\/div>\n\t\t\t\t\t<\/div>\n\t\t<\/div>\n\t\t\t\t\t<\/div>\n\t\t<\/section>\n\t\t\t\t<\/div>","protected":false},"excerpt":{"rendered":"<p>JAK J ALVEBERG AS Lagertanker Korrosjonsbeskyttelse Jak J Alveberg AS har levert l\u00f8sninger for korrosjonsbeskyttelse av metaller siden oppstarten i 1917, og dette er fremdeles et viktig omr\u00e5de. I dag leverer vi korrosjonsbeskyttende malinger til omr\u00e5der som: Ballastanker p\u00e5 skip. St\u00e5lkonstruksjoner innenfor vannkraftsektoren. Tanker, spuntvegger, osv. \u00a0 Kort sagt tilbyr vi skreddersydde l\u00f8sninger for de [&hellip;]<\/p>\n","protected":false},"author":1,"featured_media":0,"parent":0,"menu_order":0,"comment_status":"closed","ping_status":"closed","template":"","meta":{"footnotes":""},"class_list":["post-1499","page","type-page","status-publish","hentry"],"yoast_head":"<!-- This site is optimized with the Yoast SEO plugin v27.5 - https:\/\/yoast.com\/product\/yoast-seo-wordpress\/ -->\n<title>Tanker - Jak J Alveberg AS<\/title>\n<meta name=\"robots\" content=\"index, follow, max-snippet:-1, max-image-preview:large, max-video-preview:-1\" \/>\n<link rel=\"canonical\" href=\"https:\/\/alveberg.no\/en_gb\/tanker\/\" \/>\n<meta property=\"og:locale\" content=\"en_GB\" \/>\n<meta property=\"og:type\" content=\"article\" \/>\n<meta property=\"og:title\" content=\"Tanker - Jak J Alveberg AS\" \/>\n<meta property=\"og:description\" content=\"JAK J ALVEBERG AS Lagertanker Korrosjonsbeskyttelse Jak J Alveberg AS har levert l\u00f8sninger for korrosjonsbeskyttelse av metaller siden oppstarten i 1917, og dette er fremdeles et viktig omr\u00e5de. I dag leverer vi korrosjonsbeskyttende malinger til omr\u00e5der som: Ballastanker p\u00e5 skip. St\u00e5lkonstruksjoner innenfor vannkraftsektoren. Tanker, spuntvegger, osv. \u00a0 Kort sagt tilbyr vi skreddersydde l\u00f8sninger for de [&hellip;]\" \/>\n<meta property=\"og:url\" content=\"https:\/\/alveberg.no\/en_gb\/tanker\/\" \/>\n<meta property=\"og:site_name\" content=\"Jak J Alveberg AS\" \/>\n<meta property=\"article:modified_time\" content=\"2024-09-12T06:41:36+00:00\" \/>\n<meta property=\"og:image\" content=\"https:\/\/alveberg.no\/wp-content\/uploads\/2023\/06\/Jak-e1715331216226.png\" \/>\n\t<meta property=\"og:image:width\" content=\"178\" \/>\n\t<meta property=\"og:image:height\" content=\"68\" \/>\n\t<meta property=\"og:image:type\" content=\"image\/png\" \/>\n<meta name=\"twitter:card\" content=\"summary_large_image\" \/>\n<meta name=\"twitter:label1\" content=\"Estimated reading time\" \/>\n\t<meta name=\"twitter:data1\" content=\"2 minutes\" \/>\n<script type=\"application\/ld+json\" class=\"yoast-schema-graph\">{\"@context\":\"https:\\\/\\\/schema.org\",\"@graph\":[{\"@type\":\"WebPage\",\"@id\":\"https:\\\/\\\/alveberg.no\\\/tanker\\\/\",\"url\":\"https:\\\/\\\/alveberg.no\\\/tanker\\\/\",\"name\":\"Tanker - Jak J Alveberg AS\",\"isPartOf\":{\"@id\":\"https:\\\/\\\/alveberg.no\\\/#website\"},\"datePublished\":\"2023-09-12T10:31:06+00:00\",\"dateModified\":\"2024-09-12T06:41:36+00:00\",\"breadcrumb\":{\"@id\":\"https:\\\/\\\/alveberg.no\\\/tanker\\\/#breadcrumb\"},\"inLanguage\":\"en-GB\",\"potentialAction\":[{\"@type\":\"ReadAction\",\"target\":[\"https:\\\/\\\/alveberg.no\\\/tanker\\\/\"]}]},{\"@type\":\"BreadcrumbList\",\"@id\":\"https:\\\/\\\/alveberg.no\\\/tanker\\\/#breadcrumb\",\"itemListElement\":[{\"@type\":\"ListItem\",\"position\":1,\"name\":\"Hjem\",\"item\":\"https:\\\/\\\/alveberg.no\\\/\"},{\"@type\":\"ListItem\",\"position\":2,\"name\":\"Tanker\"}]},{\"@type\":\"WebSite\",\"@id\":\"https:\\\/\\\/alveberg.no\\\/#website\",\"url\":\"https:\\\/\\\/alveberg.no\\\/\",\"name\":\"Jak J Alveberg AS\",\"description\":\"Leverand\u00f8r av h\u00f8ykvalitets malingssystemer!\",\"publisher\":{\"@id\":\"https:\\\/\\\/alveberg.no\\\/#organization\"},\"potentialAction\":[{\"@type\":\"SearchAction\",\"target\":{\"@type\":\"EntryPoint\",\"urlTemplate\":\"https:\\\/\\\/alveberg.no\\\/?s={search_term_string}\"},\"query-input\":{\"@type\":\"PropertyValueSpecification\",\"valueRequired\":true,\"valueName\":\"search_term_string\"}}],\"inLanguage\":\"en-GB\"},{\"@type\":\"Organization\",\"@id\":\"https:\\\/\\\/alveberg.no\\\/#organization\",\"name\":\"Jak J Alveberg AS\",\"url\":\"https:\\\/\\\/alveberg.no\\\/\",\"logo\":{\"@type\":\"ImageObject\",\"inLanguage\":\"en-GB\",\"@id\":\"https:\\\/\\\/alveberg.no\\\/#\\\/schema\\\/logo\\\/image\\\/\",\"url\":\"https:\\\/\\\/alveberg.no\\\/wp-content\\\/uploads\\\/2023\\\/06\\\/Jak-e1715331216226.png\",\"contentUrl\":\"https:\\\/\\\/alveberg.no\\\/wp-content\\\/uploads\\\/2023\\\/06\\\/Jak-e1715331216226.png\",\"width\":178,\"height\":68,\"caption\":\"Jak J Alveberg AS\"},\"image\":{\"@id\":\"https:\\\/\\\/alveberg.no\\\/#\\\/schema\\\/logo\\\/image\\\/\"},\"sameAs\":[\"https:\\\/\\\/www.linkedin.com\\\/company\\\/jak-j-alveberg\\\/about\\\/\"]}]}<\/script>\n<!-- \/ Yoast SEO plugin. -->","yoast_head_json":{"title":"Tanker - Jak J Alveberg AS","robots":{"index":"index","follow":"follow","max-snippet":"max-snippet:-1","max-image-preview":"max-image-preview:large","max-video-preview":"max-video-preview:-1"},"canonical":"https:\/\/alveberg.no\/en_gb\/tanker\/","og_locale":"en_GB","og_type":"article","og_title":"Tanker - Jak J Alveberg AS","og_description":"JAK J ALVEBERG AS Lagertanker Korrosjonsbeskyttelse Jak J Alveberg AS har levert l\u00f8sninger for korrosjonsbeskyttelse av metaller siden oppstarten i 1917, og dette er fremdeles et viktig omr\u00e5de. I dag leverer vi korrosjonsbeskyttende malinger til omr\u00e5der som: Ballastanker p\u00e5 skip. St\u00e5lkonstruksjoner innenfor vannkraftsektoren. Tanker, spuntvegger, osv. \u00a0 Kort sagt tilbyr vi skreddersydde l\u00f8sninger for de [&hellip;]","og_url":"https:\/\/alveberg.no\/en_gb\/tanker\/","og_site_name":"Jak J Alveberg AS","article_modified_time":"2024-09-12T06:41:36+00:00","og_image":[{"width":178,"height":68,"url":"https:\/\/alveberg.no\/wp-content\/uploads\/2023\/06\/Jak-e1715331216226.png","type":"image\/png"}],"twitter_card":"summary_large_image","twitter_misc":{"Estimated reading time":"2 minutes"},"schema":{"@context":"https:\/\/schema.org","@graph":[{"@type":"WebPage","@id":"https:\/\/alveberg.no\/tanker\/","url":"https:\/\/alveberg.no\/tanker\/","name":"Tanker - Jak J Alveberg AS","isPartOf":{"@id":"https:\/\/alveberg.no\/#website"},"datePublished":"2023-09-12T10:31:06+00:00","dateModified":"2024-09-12T06:41:36+00:00","breadcrumb":{"@id":"https:\/\/alveberg.no\/tanker\/#breadcrumb"},"inLanguage":"en-GB","potentialAction":[{"@type":"ReadAction","target":["https:\/\/alveberg.no\/tanker\/"]}]},{"@type":"BreadcrumbList","@id":"https:\/\/alveberg.no\/tanker\/#breadcrumb","itemListElement":[{"@type":"ListItem","position":1,"name":"Hjem","item":"https:\/\/alveberg.no\/"},{"@type":"ListItem","position":2,"name":"Tanker"}]},{"@type":"WebSite","@id":"https:\/\/alveberg.no\/#website","url":"https:\/\/alveberg.no\/","name":"Jak J Alveberg AS","description":"Leverand\u00f8r av h\u00f8ykvalitets malingssystemer!","publisher":{"@id":"https:\/\/alveberg.no\/#organization"},"potentialAction":[{"@type":"SearchAction","target":{"@type":"EntryPoint","urlTemplate":"https:\/\/alveberg.no\/?s={search_term_string}"},"query-input":{"@type":"PropertyValueSpecification","valueRequired":true,"valueName":"search_term_string"}}],"inLanguage":"en-GB"},{"@type":"Organization","@id":"https:\/\/alveberg.no\/#organization","name":"Jak J Alveberg AS","url":"https:\/\/alveberg.no\/","logo":{"@type":"ImageObject","inLanguage":"en-GB","@id":"https:\/\/alveberg.no\/#\/schema\/logo\/image\/","url":"https:\/\/alveberg.no\/wp-content\/uploads\/2023\/06\/Jak-e1715331216226.png","contentUrl":"https:\/\/alveberg.no\/wp-content\/uploads\/2023\/06\/Jak-e1715331216226.png","width":178,"height":68,"caption":"Jak J Alveberg AS"},"image":{"@id":"https:\/\/alveberg.no\/#\/schema\/logo\/image\/"},"sameAs":["https:\/\/www.linkedin.com\/company\/jak-j-alveberg\/about\/"]}]}},"_links":{"self":[{"href":"https:\/\/alveberg.no\/en_gb\/wp-json\/wp\/v2\/pages\/1499","targetHints":{"allow":["GET"]}}],"collection":[{"href":"https:\/\/alveberg.no\/en_gb\/wp-json\/wp\/v2\/pages"}],"about":[{"href":"https:\/\/alveberg.no\/en_gb\/wp-json\/wp\/v2\/types\/page"}],"author":[{"embeddable":true,"href":"https:\/\/alveberg.no\/en_gb\/wp-json\/wp\/v2\/users\/1"}],"replies":[{"embeddable":true,"href":"https:\/\/alveberg.no\/en_gb\/wp-json\/wp\/v2\/comments?post=1499"}],"version-history":[{"count":100,"href":"https:\/\/alveberg.no\/en_gb\/wp-json\/wp\/v2\/pages\/1499\/revisions"}],"predecessor-version":[{"id":3230,"href":"https:\/\/alveberg.no\/en_gb\/wp-json\/wp\/v2\/pages\/1499\/revisions\/3230"}],"wp:attachment":[{"href":"https:\/\/alveberg.no\/en_gb\/wp-json\/wp\/v2\/media?parent=1499"}],"curies":[{"name":"wp","href":"https:\/\/api.w.org\/{rel}","templated":true}]}}